{"id":421,"date":"2016-08-23T12:46:04","date_gmt":"2016-08-23T12:46:04","guid":{"rendered":"http:\/\/pension-eulenhof.vasters.de\/?page_id=421"},"modified":"2023-09-23T08:01:26","modified_gmt":"2023-09-23T08:01:26","slug":"haeufige-fragen","status":"publish","type":"page","link":"https:\/\/pension-eulenhof.vasters.de\/?page_id=421","title":{"rendered":"H\u00e4ufige Fragen"},"content":{"rendered":"<p><strong>Kann ich auch eine \u00dcbernachtung ohne Fr\u00fchst\u00fcck buchen?<\/strong><\/p>\n<p>Nat\u00fcrlich k\u00f6nnen Sie das. Allerdings entgeht Ihnen\u00a0dann ein reichhaltiges Fr\u00fchst\u00fccksbuffet in unserem historischen Backhaus. Bei \u00dcbernachtung ohne Fr\u00fchst\u00fcck reduziert sich der Zimmerpreis um 7,50 \u20ac pro Person und \u00dcbernachtung.<\/p>\n<p><strong>Kann ich auch bei Ihnen fr\u00fchst\u00fccken ohne zu \u00fcbernachten?<\/strong><\/p>\n<p>Das ist leider nicht m\u00f6glich.<\/p>\n<p><strong>Beinhaltet das Fr\u00fchst\u00fccksbuffet auch Produkte f\u00fcr Vegetarier und Veganer?<\/strong><\/p>\n<p>Ja, auch Vegetarier und Veganer werden bei uns satt. Geben Sie uns doch bitte bei der Zimmerbuchung Bescheid.<\/p>\n<p><strong>Gibt es feste Fr\u00fchst\u00fcckszeiten?<\/strong><\/p>\n<p>Fr\u00fchst\u00fcck wird von 08:00 Uhr \u2013 10:00 Uhr gereicht.<\/p>\n<p><strong>Kann ich mir ein Lunchpaket am Fr\u00fchst\u00fccksbuffet zusammenstellen?<\/strong><\/p>\n<p>Gerne k\u00f6nnen Sie sich f\u00fcr Ihren pers\u00f6nlichen Bedarf ein Lunchpaket f\u00fcr Ihre Wanderung oder Radtour zusammenstellen. Geeignetes Verpackungsmaterial steht Ihnen in unserem Backhaus zur Verf\u00fcgung.<\/p>\n<p><strong>Der Eulenhof liegt ja sehr idyllisch. Gibt es \u00fcberhaupt einen Pizzaservice der zum Eulenhof liefert?<\/strong><\/p>\n<p>Uns f\u00e4llt es auch oft schwer, zu glauben, wie idyllisch wir leben d\u00fcrfen\u00a0\ud83d\ude42 Dennoch, die Sieg ist nur einen Steinwurf vom Eulenhof entfernt und der Ort Rosbach fussl\u00e4ufig erreichbar. In Rosbach finden Sie eine Bahnstation (S-Bahn und DB), diverse Restaurants, Gastst\u00e4tten, Einkaufsm\u00e4rkte der bekannten Einkaufsketten, \u00c4rzte, Apotheken, Banken, Friseure, Bekleidungsgesch\u00e4fte sowie Schnellimbisse,\u00a0Caf\u00e9s\u00a0etc..<\/p>\n<p>Kurzum, Sie k\u00f6nnen sich auch gerne Ihr Essen zum Eulenhof liefern lassen und gem\u00fctlich in unserer Weinlaube oder im Gesellschaftsraum der Pension genie\u00dfen. Geschirr und Besteck stellen wir Ihnen zur Verf\u00fcgung.<\/p>\n<p><strong>Wo kann ich baden oder schwimmen gehen?<\/strong><\/p>\n<p>Das Freibad von Rosbach ist 1,8 km entfernt und per Rad- bzw. Fussweg erreichbar.<\/p>\n<p>Ein sch\u00f6nes Naturfreibad im Wald finden Sie im 6 km entfernten Hamm.<\/p>\n<p>Das n\u00e4chste Hallenbad liegt in Dattenfeld und ist mit dem Auto in 12 Minuten erreichbar. Gerne k\u00f6nnen Sie auch unseren Shuttleservice in Anspruch nehmen der Sie zum Schwimmbad f\u00e4hrt und nach einer vereinbarten Zeit wieder abholt.<\/p>\n<p><strong>Kann ich auch Halb- oder Vollpension buchen?<\/strong><\/p>\n<p>Grunds\u00e4tzlich\u00a0bieten\u00a0wir nur \u00dcbernachtungen mit Fr\u00fchst\u00fcck an.<\/p>\n<p><strong>Darf ich meinen Hund mitbringen?<\/strong><\/p>\n<p>Hunde sind bei uns gern gesehene G\u00e4ste, d\u00fcrfen aber nur mit ausdr\u00fccklicher Erlaubnis der &#8222;Pension Eulenhof&#8220; und nur unter Aufsicht im Zimmer und im Au\u00dfenbereich der Pension Eulenhof gehalten werden. Eine Erlaubnis gilt nur f\u00fcr den Einzelfall. Sie kann jederzeit widerrufen werden wenn Unzutr\u00e4glichkeiten auftreten oder andere Mieter bel\u00e4stigt werden. Der Kunde haftet f\u00fcr alle durch die Tierhaltung entstehenden Sch\u00e4den. Im Fr\u00fchst\u00fccksraum sind Hunde nicht gestattet. W\u00e4hrend unserer Fr\u00fchst\u00fcckszeiten darf Ihr Hund unbeaufsichtigt in Ihrem Zimmer bleiben. Im gesamten Innen- und Au\u00dfenbereich gilt Leinenpflicht.<\/p>\n<p><strong>Bis wieviel Uhr kann ich einchecken?<\/strong><\/p>\n<p>Bitte ber\u00fccksichtigen Sie unbedingt unsere Checkin-Zeit von 15 bis 18 Uhr. Bitte reisen Sie nicht fr\u00fcher an. Wir ben\u00f6tigen die Zeit f\u00fcr die Zimmerreinigung etc.. Nach vorheriger Absprache mit uns k\u00f6nnen Sie gerne Ihr Gep\u00e4ck bereits vor 15 Uhr bei uns deponieren.<\/p>\n<p>Bitte nehmen Sie mit uns Kontakt auf falls Sie nach 18 Uhr anreisen. Wir haben auch ein Privatleben und sind nicht immer zu Hause. Nach Abstimmung mit uns k\u00f6nnen Sie nat\u00fcrlich auch nach 18 Uhr anreisen.<\/p>\n<p><strong>Sind die Zimmer sehr hellh\u00f6rig?<\/strong><\/p>\n<p>Die G\u00e4stezimmer befinden sich in einer liebevoll restaurierten, zweihundert Jahre alten Scheune. Mit modernen Geb\u00e4uden kann unser G\u00e4stehaus bez\u00fcglich Ger\u00e4uschdammung nat\u00fcrlich nicht mithalten. Daf\u00fcr bietet das G\u00e4stehaus einen unvergleichlichen Charme mit Sichtfachwerk und Holzb\u00f6den. Mit gegenseitiger R\u00fccksichtnahme ist eine ungest\u00f6rte Nachtruhe in jedem Fall gegeben und f\u00fcr den Notfall liegen in jedem Zimmer Ohrst\u00f6psel bereit.<\/p>\n","protected":false},"excerpt":{"rendered":"<p>Kann ich auch eine \u00dcbernachtung ohne Fr\u00fchst\u00fcck buchen? Nat\u00fcrlich k\u00f6nnen Sie das. Allerdings entgeht Ihnen\u00a0dann ein reichhaltiges Fr\u00fchst\u00fccksbuffet in unserem historischen Backhaus. Bei \u00dcbernachtung ohne Fr\u00fchst\u00fcck reduziert sich der Zimmerpreis um 7,50 \u20ac pro Person und \u00dcbernachtung. Kann ich auch bei Ihnen fr\u00fchst\u00fccken ohne zu \u00fcbernachten? Das ist leider nicht\u2026<\/p>\n<p class=\"continue-reading-button\"> <a class=\"continue-reading-link\" href=\"https:\/\/pension-eulenhof.vasters.de\/?page_id=421\">Continue reading<i class=\"crycon-right-dir\"><\/i><\/a><\/p>\n","protected":false},"author":1,"featured_media":0,"parent":0,"menu_order":0,"comment_status":"closed","ping_status":"closed","template":"","meta":{"jetpack_post_was_ever_published":false,"footnotes":""},"jetpack_sharing_enabled":true,"jetpack_shortlink":"https:\/\/wp.me\/P7BQST-6N","jetpack-related-posts":[{"id":329,"url":"https:\/\/pension-eulenhof.vasters.de\/?page_id=329","url_meta":{"origin":421,"position":0},"title":"PREISE","author":"bvasters","date":"Juni 19, 2016","format":false,"excerpt":"PREISE AB 01.01.2025 Einzelzimmer mit Fr\u00fchst\u00fcck \u00a0 \u00a0 \u00a0 \u00a052.- \u20ac (Zimmerpreis f\u00fcr eine \u00dcbernachtung) Doppelzimmer mit Fr\u00fchst\u00fcck \u00a0 \u00a0 \u00a082.- \u20ac (Zimmerpreis f\u00fcr eine \u00dcbernachtung) Studio mit kleiner K\u00fcche \u00a0 \u00a0 \u00a0 \u00a0 \u00a0 \u00a0 \u00a099.- \u20ac (Preis f\u00fcr eine \u00dcbernachtung) Alle Zimmer mit Bad\/WC\/TV, Einzel- oder Doppelbetten, Bettw\u00e4sche,\u2026","rel":"","context":"\u00c4hnlicher Beitrag","block_context":{"text":"\u00c4hnlicher Beitrag","link":""},"img":{"alt_text":"","src":"","width":0,"height":0},"classes":[]},{"id":529,"url":"https:\/\/pension-eulenhof.vasters.de\/?page_id=529","url_meta":{"origin":421,"position":1},"title":"Arrangements","author":"bvasters","date":"April 9, 2017","format":false,"excerpt":"\"Romantische Auszeit\" mit Candlelight-Dinner \u00a0 G\u00f6nnen Sie sich eine kurze Auszeit zu zweit in einem besonderen Ambiente! Das Naherholungsgebiet Windecker-L\u00e4ndchen bietet viele M\u00f6glichkeiten f\u00fcr Ausfl\u00fcge und die Stadt K\u00f6ln ist mit dem Auto oder mit der Bahn von den Bahnh\u00f6fen in Rosbach und Schladern bequem erreichbar. Die Sieg, die 100m\u2026","rel":"","context":"\u00c4hnlicher Beitrag","block_context":{"text":"\u00c4hnlicher Beitrag","link":""},"img":{"alt_text":"","src":"","width":0,"height":0},"classes":[]},{"id":249,"url":"https:\/\/pension-eulenhof.vasters.de\/?page_id=249","url_meta":{"origin":421,"position":2},"title":"Freizeitaktivit\u00e4ten","author":"bvasters","date":"Juni 18, 2016","format":false,"excerpt":"Windeck und Umgebung bieten sich f\u00fcr sportliche Aktivit\u00e4ten an: Angelsportfreunde finden hier viele M\u00f6glichkeiten und auch f\u00fcr Kanufahrer ist die Sieg ein tolles Revier. Angelscheine erhalten Sie beim Rolandseck in Windeck-Rosbach Telefon 02292-5360. Hoch hinauf geht es f\u00fcr alle Kletterer beim Hochseilgarten in Windeck-Rosbach. \u00a0 Wasserratten kommen in Windeck auf\u2026","rel":"","context":"\u00c4hnlicher Beitrag","block_context":{"text":"\u00c4hnlicher Beitrag","link":""},"img":{"alt_text":"","src":"https:\/\/i0.wp.com\/pension-eulenhof.de\/sport1.jpg?resize=350%2C200","width":350,"height":200},"classes":[]},{"id":600,"url":"https:\/\/pension-eulenhof.vasters.de\/?page_id=600","url_meta":{"origin":421,"position":3},"title":"Datenschutzerkl\u00e4rung","author":"bvasters","date":"Mai 16, 2018","format":false,"excerpt":"Diese Datenschutzerkl\u00e4rung kl\u00e4rt Sie \u00fcber die Art, den Umfang und Zweck der Verarbeitung von personenbezogenen Daten (nachfolgend kurz \u201eDaten\u201c) innerhalb unseres Onlineangebotes und der mit ihm verbundenen Webseiten, Funktionen und Inhalte sowie externen Onlinepr\u00e4senzen, wie z.B. unser Social Media Profile auf. (nachfolgend gemeinsam bezeichnet als \u201eOnlineangebot\u201c). Im Hinblick auf die\u2026","rel":"","context":"\u00c4hnlicher Beitrag","block_context":{"text":"\u00c4hnlicher Beitrag","link":""},"img":{"alt_text":"","src":"","width":0,"height":0},"classes":[]},{"id":17,"url":"https:\/\/pension-eulenhof.vasters.de\/?page_id=17","url_meta":{"origin":421,"position":4},"title":"Qualit\u00e4tsgastgeber","author":"bvasters","date":"Mai 26, 2016","format":false,"excerpt":"Das G\u00fctesiegel \u201eQualit\u00e4tsgastgeber Sieg\u201c steht f\u00fcr eine besondere Wanderfreundlichkeit, kontrollierten Service und Qualit\u00e4t. Um das Zertifikat zu erhalten, m\u00fcssen Betriebe eine Vielzahl von Kriterien in den Kategorien Personal, Ausstattung, Service und ggf. Verpflegung erf\u00fcllen, die sich an den Bed\u00fcrfnissen der Wanderer orientieren. Den Wanderer erwartet in den ausgezeichneten Betrieben unter\u2026","rel":"","context":"\u00c4hnlicher Beitrag","block_context":{"text":"\u00c4hnlicher Beitrag","link":""},"img":{"alt_text":"","src":"","width":0,"height":0},"classes":[]},{"id":13,"url":"https:\/\/pension-eulenhof.vasters.de\/?page_id=13","url_meta":{"origin":421,"position":5},"title":"Der Eulenhof","author":"bvasters","date":"Mai 26, 2016","format":false,"excerpt":"Die Pension Eulenhof ist Teil eines Fachwerkensembles aus dem 18. Jahrhundert. Das Fachwerkanwesen befindet sich im Eulenbruch, einem Ortsteil der Stadt Rosbach. Zum Ort geh\u00f6rten annodazumal einige Bauernh\u00f6fe, ein Backhaus, eine R\u00e4ucherstube und ein W\u00e4schehaus. Die alte H\u00f6fe sind bis heute erhalten und die fr\u00fcher gemeinschaftlich genutzten Geb\u00e4ude wurden in\u2026","rel":"","context":"\u00c4hnlicher Beitrag","block_context":{"text":"\u00c4hnlicher Beitrag","link":""},"img":{"alt_text":"","src":"","width":0,"height":0},"classes":[]}],"_links":{"self":[{"href":"https:\/\/pension-eulenhof.vasters.de\/index.php?rest_route=\/wp\/v2\/pages\/421"}],"collection":[{"href":"https:\/\/pension-eulenhof.vasters.de\/index.php?rest_route=\/wp\/v2\/pages"}],"about":[{"href":"https:\/\/pension-eulenhof.vasters.de\/index.php?rest_route=\/wp\/v2\/types\/page"}],"author":[{"embeddable":true,"href":"https:\/\/pension-eulenhof.vasters.de\/index.php?rest_route=\/wp\/v2\/users\/1"}],"replies":[{"embeddable":true,"href":"https:\/\/pension-eulenhof.vasters.de\/index.php?rest_route=%2Fwp%2Fv2%2Fcomments&post=421"}],"version-history":[{"count":21,"href":"https:\/\/pension-eulenhof.vasters.de\/index.php?rest_route=\/wp\/v2\/pages\/421\/revisions"}],"predecessor-version":[{"id":768,"href":"https:\/\/pension-eulenhof.vasters.de\/index.php?rest_route=\/wp\/v2\/pages\/421\/revisions\/768"}],"wp:attachment":[{"href":"https:\/\/pension-eulenhof.vasters.de\/index.php?rest_route=%2Fwp%2Fv2%2Fmedia&parent=421"}],"curies":[{"name":"wp","href":"https:\/\/api.w.org\/{rel}","templated":true}]}}