{"id":329,"date":"2016-06-19T15:37:54","date_gmt":"2016-06-19T15:37:54","guid":{"rendered":"http:\/\/pension-eulenhof.vasters.de\/?page_id=329"},"modified":"2025-06-02T13:16:26","modified_gmt":"2025-06-02T13:16:26","slug":"preise","status":"publish","type":"page","link":"https:\/\/pension-eulenhof.vasters.de\/?page_id=329","title":{"rendered":"PREISE"},"content":{"rendered":"<p><strong>PREISE AB 01.01.2025<\/strong><\/p>\n<p>Einzelzimmer mit Fr\u00fchst\u00fcck \u00a0 \u00a0 \u00a0 \u00a052.- \u20ac (Zimmerpreis f\u00fcr eine \u00dcbernachtung)<br \/>\nDoppelzimmer mit Fr\u00fchst\u00fcck \u00a0 \u00a0 \u00a082.- \u20ac (Zimmerpreis f\u00fcr eine \u00dcbernachtung)<br \/>\nStudio mit kleiner K\u00fcche \u00a0 \u00a0 \u00a0 \u00a0 \u00a0 \u00a0 \u00a099.- \u20ac (Preis f\u00fcr eine \u00dcbernachtung)<\/p>\n<p>Alle Zimmer mit Bad\/WC\/TV, Einzel- oder Doppelbetten, Bettw\u00e4sche, Handt\u00fcchern und F\u00f6n.<\/p>\n<p>Hund pro Tag \u00a0 \u00a0 \u00a0 \u00a0 \u00a0 \u00a0 \u00a0 \u00a0 \u00a0 \u00a0 \u00a0 \u00a0 \u00a0 \u00a0 \u00a0 \u00a0 5,00 \u20ac (in allen Zimmern erlaubt au\u00dfer im Studio)<\/p>\n<p>Alle Preise inkl. Mehrwertsteuer<\/p>\n<p><strong>FR\u00dcHST\u00dcCK<\/strong><\/p>\n<p>Unser Fr\u00fchst\u00fccksb\u00fcffet servieren wir im historischen Backhaus des Eulenhofs.<\/p>\n<p>Bitte teilen Sie uns etwaige Unvertr\u00e4glichkeiten oder besondere W\u00fcnsche (Vegetarisch, vegan, glutenfrei etc.) vorab mit.<\/p>\n<p>Wanderer und Radfahrer finden im Backhaus f\u00fcr Ihre Touren entsprechendes Verpackungsmaterial (Fr\u00fchst\u00fcckst\u00fcten, Brotpapier).<\/p>\n<p><strong>ANREISE<\/strong><\/p>\n<p>Die Zimmer sind am Anreisetag ab 15 Uhr bezugsfertig. Reisen Sie bitte zwischen 15:00 und 18:00 Uhr an. Eine fr\u00fchere oder sp\u00e4tere Anreise ist nur noch vorheriger Absprache m\u00f6glich.<\/p>\n<p><strong>ABREISE<\/strong><\/p>\n<p>Die Zimmer stehen Ihnen am Abreisetag bis 12 Uhr morgens zur Verf\u00fcgung.<\/p>\n<p>Irrtum und \u00c4nderungen vorbehalten!<\/p>\n","protected":false},"excerpt":{"rendered":"<p>PREISE AB 01.01.2025 Einzelzimmer mit Fr\u00fchst\u00fcck \u00a0 \u00a0 \u00a0 \u00a052.- \u20ac (Zimmerpreis f\u00fcr eine \u00dcbernachtung) Doppelzimmer mit Fr\u00fchst\u00fcck \u00a0 \u00a0 \u00a082.- \u20ac (Zimmerpreis f\u00fcr eine \u00dcbernachtung) Studio mit kleiner K\u00fcche \u00a0 \u00a0 \u00a0 \u00a0 \u00a0 \u00a0 \u00a099.- \u20ac (Preis f\u00fcr eine \u00dcbernachtung) Alle Zimmer mit Bad\/WC\/TV, Einzel- oder Doppelbetten, Bettw\u00e4sche,\u2026<\/p>\n<p class=\"continue-reading-button\"> <a class=\"continue-reading-link\" href=\"https:\/\/pension-eulenhof.vasters.de\/?page_id=329\">Continue reading<i class=\"crycon-right-dir\"><\/i><\/a><\/p>\n","protected":false},"author":1,"featured_media":0,"parent":0,"menu_order":0,"comment_status":"closed","ping_status":"closed","template":"","meta":{"jetpack_post_was_ever_published":false,"footnotes":""},"jetpack_sharing_enabled":true,"jetpack_shortlink":"https:\/\/wp.me\/P7BQST-5j","jetpack-related-posts":[{"id":421,"url":"https:\/\/pension-eulenhof.vasters.de\/?page_id=421","url_meta":{"origin":329,"position":0},"title":"H\u00e4ufige Fragen","author":"bvasters","date":"August 23, 2016","format":false,"excerpt":"Kann ich auch eine \u00dcbernachtung ohne Fr\u00fchst\u00fcck buchen? Nat\u00fcrlich k\u00f6nnen Sie das. Allerdings entgeht Ihnen\u00a0dann ein reichhaltiges Fr\u00fchst\u00fccksbuffet in unserem historischen Backhaus. Bei \u00dcbernachtung ohne Fr\u00fchst\u00fcck reduziert sich der Zimmerpreis um 7,50 \u20ac pro Person und \u00dcbernachtung. Kann ich auch bei Ihnen fr\u00fchst\u00fccken ohne zu \u00fcbernachten? Das ist leider nicht\u2026","rel":"","context":"\u00c4hnlicher Beitrag","block_context":{"text":"\u00c4hnlicher Beitrag","link":""},"img":{"alt_text":"","src":"","width":0,"height":0},"classes":[]},{"id":529,"url":"https:\/\/pension-eulenhof.vasters.de\/?page_id=529","url_meta":{"origin":329,"position":1},"title":"Arrangements","author":"bvasters","date":"April 9, 2017","format":false,"excerpt":"\"Romantische Auszeit\" mit Candlelight-Dinner \u00a0 G\u00f6nnen Sie sich eine kurze Auszeit zu zweit in einem besonderen Ambiente! Das Naherholungsgebiet Windecker-L\u00e4ndchen bietet viele M\u00f6glichkeiten f\u00fcr Ausfl\u00fcge und die Stadt K\u00f6ln ist mit dem Auto oder mit der Bahn von den Bahnh\u00f6fen in Rosbach und Schladern bequem erreichbar. Die Sieg, die 100m\u2026","rel":"","context":"\u00c4hnlicher Beitrag","block_context":{"text":"\u00c4hnlicher Beitrag","link":""},"img":{"alt_text":"","src":"","width":0,"height":0},"classes":[]},{"id":13,"url":"https:\/\/pension-eulenhof.vasters.de\/?page_id=13","url_meta":{"origin":329,"position":2},"title":"Der Eulenhof","author":"bvasters","date":"Mai 26, 2016","format":false,"excerpt":"Die Pension Eulenhof ist Teil eines Fachwerkensembles aus dem 18. Jahrhundert. Das Fachwerkanwesen befindet sich im Eulenbruch, einem Ortsteil der Stadt Rosbach. Zum Ort geh\u00f6rten annodazumal einige Bauernh\u00f6fe, ein Backhaus, eine R\u00e4ucherstube und ein W\u00e4schehaus. Die alte H\u00f6fe sind bis heute erhalten und die fr\u00fcher gemeinschaftlich genutzten Geb\u00e4ude wurden in\u2026","rel":"","context":"\u00c4hnlicher Beitrag","block_context":{"text":"\u00c4hnlicher Beitrag","link":""},"img":{"alt_text":"","src":"","width":0,"height":0},"classes":[]},{"id":17,"url":"https:\/\/pension-eulenhof.vasters.de\/?page_id=17","url_meta":{"origin":329,"position":3},"title":"Qualit\u00e4tsgastgeber","author":"bvasters","date":"Mai 26, 2016","format":false,"excerpt":"Das G\u00fctesiegel \u201eQualit\u00e4tsgastgeber Sieg\u201c steht f\u00fcr eine besondere Wanderfreundlichkeit, kontrollierten Service und Qualit\u00e4t. Um das Zertifikat zu erhalten, m\u00fcssen Betriebe eine Vielzahl von Kriterien in den Kategorien Personal, Ausstattung, Service und ggf. Verpflegung erf\u00fcllen, die sich an den Bed\u00fcrfnissen der Wanderer orientieren. Den Wanderer erwartet in den ausgezeichneten Betrieben unter\u2026","rel":"","context":"\u00c4hnlicher Beitrag","block_context":{"text":"\u00c4hnlicher Beitrag","link":""},"img":{"alt_text":"","src":"","width":0,"height":0},"classes":[]},{"id":600,"url":"https:\/\/pension-eulenhof.vasters.de\/?page_id=600","url_meta":{"origin":329,"position":4},"title":"Datenschutzerkl\u00e4rung","author":"bvasters","date":"Mai 16, 2018","format":false,"excerpt":"Diese Datenschutzerkl\u00e4rung kl\u00e4rt Sie \u00fcber die Art, den Umfang und Zweck der Verarbeitung von personenbezogenen Daten (nachfolgend kurz \u201eDaten\u201c) innerhalb unseres Onlineangebotes und der mit ihm verbundenen Webseiten, Funktionen und Inhalte sowie externen Onlinepr\u00e4senzen, wie z.B. unser Social Media Profile auf. (nachfolgend gemeinsam bezeichnet als \u201eOnlineangebot\u201c). Im Hinblick auf die\u2026","rel":"","context":"\u00c4hnlicher Beitrag","block_context":{"text":"\u00c4hnlicher Beitrag","link":""},"img":{"alt_text":"","src":"","width":0,"height":0},"classes":[]},{"id":249,"url":"https:\/\/pension-eulenhof.vasters.de\/?page_id=249","url_meta":{"origin":329,"position":5},"title":"Freizeitaktivit\u00e4ten","author":"bvasters","date":"Juni 18, 2016","format":false,"excerpt":"Windeck und Umgebung bieten sich f\u00fcr sportliche Aktivit\u00e4ten an: Angelsportfreunde finden hier viele M\u00f6glichkeiten und auch f\u00fcr Kanufahrer ist die Sieg ein tolles Revier. Angelscheine erhalten Sie beim Rolandseck in Windeck-Rosbach Telefon 02292-5360. Hoch hinauf geht es f\u00fcr alle Kletterer beim Hochseilgarten in Windeck-Rosbach. \u00a0 Wasserratten kommen in Windeck auf\u2026","rel":"","context":"\u00c4hnlicher Beitrag","block_context":{"text":"\u00c4hnlicher Beitrag","link":""},"img":{"alt_text":"","src":"https:\/\/i0.wp.com\/pension-eulenhof.de\/sport1.jpg?resize=350%2C200","width":350,"height":200},"classes":[]}],"_links":{"self":[{"href":"https:\/\/pension-eulenhof.vasters.de\/index.php?rest_route=\/wp\/v2\/pages\/329"}],"collection":[{"href":"https:\/\/pension-eulenhof.vasters.de\/index.php?rest_route=\/wp\/v2\/pages"}],"about":[{"href":"https:\/\/pension-eulenhof.vasters.de\/index.php?rest_route=\/wp\/v2\/types\/page"}],"author":[{"embeddable":true,"href":"https:\/\/pension-eulenhof.vasters.de\/index.php?rest_route=\/wp\/v2\/users\/1"}],"replies":[{"embeddable":true,"href":"https:\/\/pension-eulenhof.vasters.de\/index.php?rest_route=%2Fwp%2Fv2%2Fcomments&post=329"}],"version-history":[{"count":45,"href":"https:\/\/pension-eulenhof.vasters.de\/index.php?rest_route=\/wp\/v2\/pages\/329\/revisions"}],"predecessor-version":[{"id":785,"href":"https:\/\/pension-eulenhof.vasters.de\/index.php?rest_route=\/wp\/v2\/pages\/329\/revisions\/785"}],"wp:attachment":[{"href":"https:\/\/pension-eulenhof.vasters.de\/index.php?rest_route=%2Fwp%2Fv2%2Fmedia&parent=329"}],"curies":[{"name":"wp","href":"https:\/\/api.w.org\/{rel}","templated":true}]}}