{"id":289,"date":"2016-06-19T06:33:24","date_gmt":"2016-06-19T06:33:24","guid":{"rendered":"http:\/\/pension-eulenhof.vasters.de\/?page_id=289"},"modified":"2018-05-16T06:22:49","modified_gmt":"2018-05-16T06:22:49","slug":"impressum","status":"publish","type":"page","link":"https:\/\/pension-eulenhof.vasters.de\/?page_id=289","title":{"rendered":"Impressum"},"content":{"rendered":"<p><strong>Pension Eulenhof<br \/>\nMagdalena Vasters<br \/>\nIm Eulenbruch 12<br \/>\n51570 Windeck-Rosbach<br \/>\n<\/strong><\/p>\n<p>Steuernummer: 220\/5475\/2111<br \/>\nUmsatzsteuer-Identifikationsnummer (USt-IdNr.): DE307905274<\/p>\n<h3><\/h3>\n<h3><strong>Haftungsausschluss<\/strong><\/h3>\n<ol>\n<li>\n<h5>Inhalt des Onlineangebotes<\/h5>\n<p>Der Autor \u00fcbernimmt keinerlei Gew\u00e4hr f\u00fcr die Aktualit\u00e4t, Korrektheit, Vollst\u00e4ndigkeit oder Qualit\u00e4t der bereitgestellten Informationen. Haftungsanspr\u00fcche gegen den Autor, welche sich auf Sch\u00e4den materieller oder ideeller Art beziehen, die durch die Nutzung oder Nichtnutzung der dargebotenen Informationen bzw. durch die Nutzung fehlerhafter und unvollst\u00e4ndiger Informationen verursacht wurden, sind grunds\u00e4tzlich ausgeschlossen, sofern seitens des Autors kein nachweislich vors\u00e4tzliches oder grob fahrl\u00e4ssiges Verschulden vorliegt.<br \/>\nAlle Angebote sind freibleibend und unverbindlich. Der Autor beh\u00e4lt es sich ausdr\u00fccklich vor, Teile der Seiten oder das gesamte Angebot ohne gesonderte Ank\u00fcndigung zu ver\u00e4ndern, zu erg\u00e4nzen, zu l\u00f6schen oder die Ver\u00f6ffentlichung zeitweise oder endg\u00fcltig einzustellen.<\/li>\n<li>\n<h5>Verweise und Links<\/h5>\n<p>Bei direkten oder indirekten Verweisen auf fremde Webseiten (&#8222;Hyperlinks&#8220;), die au\u00dferhalb des Verantwortungsbereiches des Autors liegen, w\u00fcrde eine Haftungsverpflichtung ausschlie\u00dflich in dem Fall in Kraft treten, in dem der Autor von den Inhalten Kenntnis hat und es ihm technisch m\u00f6glich und zumutbar w\u00e4re, die Nutzung im Falle rechtswidriger Inhalte zu verhindern.<br \/>\nDer Autor erkl\u00e4rt hiermit ausdr\u00fccklich, dass zum Zeitpunkt der Linksetzung keine illegalen Inhalte auf den zu verlinkenden Seiten erkennbar waren. Auf die aktuelle und zuk\u00fcnftige Gestaltung, die Inhalte oder die Urheberschaft der verlinkten\/verkn\u00fcpften Seiten hat der Autor keinerlei Einfluss. Deshalb distanziert er sich hiermit ausdr\u00fccklich von allen Inhalten aller verlinkten \/verkn\u00fcpften Seiten, die nach der Linksetzung ver\u00e4ndert wurden. Diese Feststellung gilt f\u00fcr alle innerhalb des eigenen Internetangebotes gesetzten Links und Verweise sowie f\u00fcr Fremdeintr\u00e4ge in vom Autor eingerichteten G\u00e4steb\u00fcchern, Diskussionsforen, Linkverzeichnissen, Mailinglisten und in allen anderen Formen von Datenbanken, auf deren Inhalt externe Schreibzugriffe m\u00f6glich sind. F\u00fcr illegale, fehlerhafte oder unvollst\u00e4ndige Inhalte und insbesondere f\u00fcr Sch\u00e4den, die aus der Nutzung oder Nichtnutzung solcherart dargebotener Informationen entstehen, haftet allein der Anbieter der Seite, auf welche verwiesen wurde, nicht derjenige, der \u00fcber Links auf die jeweilige Ver\u00f6ffentlichung lediglich verweist.<\/li>\n<li>\n<h5>Urheber- und Kennzeichenrecht<\/h5>\n<p>Der Autor ist bestrebt, in allen Publikationen die Urheberrechte der verwendeten Bilder, Grafiken, Tondokumente, Videosequenzen und Texte zu beachten, von ihm selbst erstellte Bilder, Grafiken, Tondokumente, Videosequenzen und Texte zu nutzen oder auf lizenzfreie Grafiken, Tondokumente, Videosequenzen und Texte zur\u00fcckzugreifen.<br \/>\nAlle innerhalb des Internetangebotes genannten und ggf. durch Dritte gesch\u00fctzten Marken- und Warenzeichen unterliegen uneingeschr\u00e4nkt den Bestimmungen des jeweils g\u00fcltigen Kennzeichenrechts und den Besitzrechten der jeweiligen eingetragenen Eigent\u00fcmer. Allein aufgrund der blo\u00dfen Nennung ist nicht der Schluss zu ziehen, dass Markenzeichen nicht durch Rechte Dritter gesch\u00fctzt sind!<br \/>\nDas Copyright f\u00fcr ver\u00f6ffentlichte, vom Autor selbst erstellte Objekte bleibt allein beim Autor der Seiten. Eine Vervielf\u00e4ltigung oder Verwendung solcher Grafiken, Tondokumente, Videosequenzen und Texte in anderen elektronischen oder gedruckten Publikationen ist ohne ausdr\u00fcckliche Zustimmung des Autors nicht gestattet.<\/li>\n<li>\n<h5>Datenschutz<\/h5>\n<h5>(siehe Datenschutzerkl\u00e4rung)<\/h5>\n<\/li>\n<li>\n<h5>Rechtswirksamkeit dieses Haftungsausschlusses<\/h5>\n<p>Dieser Haftungsausschluss ist als Teil des Internetangebotes zu betrachten, von dem aus auf diese Seite verwiesen wurde. Sofern Teile oder einzelne Formulierungen dieses Textes der geltenden Rechtslage nicht, nicht mehr oder nicht vollst\u00e4ndig entsprechen sollten, bleiben die \u00fcbrigen Teile des Dokumentes in ihrem Inhalt und ihrer G\u00fcltigkeit davon unber\u00fchrt.<\/li>\n<\/ol>\n<p>&nbsp;<\/p>\n","protected":false},"excerpt":{"rendered":"<p>Pension Eulenhof Magdalena Vasters Im Eulenbruch 12 51570 Windeck-Rosbach Steuernummer: 220\/5475\/2111 Umsatzsteuer-Identifikationsnummer (USt-IdNr.): DE307905274 Haftungsausschluss Inhalt des Onlineangebotes Der Autor \u00fcbernimmt keinerlei Gew\u00e4hr f\u00fcr die Aktualit\u00e4t, Korrektheit, Vollst\u00e4ndigkeit oder Qualit\u00e4t der bereitgestellten Informationen. Haftungsanspr\u00fcche gegen den Autor, welche sich auf Sch\u00e4den materieller oder ideeller Art beziehen, die durch die Nutzung\u2026<\/p>\n<p class=\"continue-reading-button\"> <a class=\"continue-reading-link\" href=\"https:\/\/pension-eulenhof.vasters.de\/?page_id=289\">Continue reading<i class=\"crycon-right-dir\"><\/i><\/a><\/p>\n","protected":false},"author":1,"featured_media":0,"parent":0,"menu_order":0,"comment_status":"closed","ping_status":"closed","template":"","meta":{"jetpack_post_was_ever_published":false,"footnotes":""},"jetpack_sharing_enabled":true,"jetpack_shortlink":"https:\/\/wp.me\/P7BQST-4F","jetpack-related-posts":[{"id":600,"url":"https:\/\/pension-eulenhof.vasters.de\/?page_id=600","url_meta":{"origin":289,"position":0},"title":"Datenschutzerkl\u00e4rung","author":"bvasters","date":"Mai 16, 2018","format":false,"excerpt":"Diese Datenschutzerkl\u00e4rung kl\u00e4rt Sie \u00fcber die Art, den Umfang und Zweck der Verarbeitung von personenbezogenen Daten (nachfolgend kurz \u201eDaten\u201c) innerhalb unseres Onlineangebotes und der mit ihm verbundenen Webseiten, Funktionen und Inhalte sowie externen Onlinepr\u00e4senzen, wie z.B. unser Social Media Profile auf. (nachfolgend gemeinsam bezeichnet als \u201eOnlineangebot\u201c). Im Hinblick auf die\u2026","rel":"","context":"\u00c4hnlicher Beitrag","block_context":{"text":"\u00c4hnlicher Beitrag","link":""},"img":{"alt_text":"","src":"","width":0,"height":0},"classes":[]},{"id":17,"url":"https:\/\/pension-eulenhof.vasters.de\/?page_id=17","url_meta":{"origin":289,"position":1},"title":"Qualit\u00e4tsgastgeber","author":"bvasters","date":"Mai 26, 2016","format":false,"excerpt":"Das G\u00fctesiegel \u201eQualit\u00e4tsgastgeber Sieg\u201c steht f\u00fcr eine besondere Wanderfreundlichkeit, kontrollierten Service und Qualit\u00e4t. Um das Zertifikat zu erhalten, m\u00fcssen Betriebe eine Vielzahl von Kriterien in den Kategorien Personal, Ausstattung, Service und ggf. Verpflegung erf\u00fcllen, die sich an den Bed\u00fcrfnissen der Wanderer orientieren. Den Wanderer erwartet in den ausgezeichneten Betrieben unter\u2026","rel":"","context":"\u00c4hnlicher Beitrag","block_context":{"text":"\u00c4hnlicher Beitrag","link":""},"img":{"alt_text":"","src":"","width":0,"height":0},"classes":[]},{"id":421,"url":"https:\/\/pension-eulenhof.vasters.de\/?page_id=421","url_meta":{"origin":289,"position":2},"title":"H\u00e4ufige Fragen","author":"bvasters","date":"August 23, 2016","format":false,"excerpt":"Kann ich auch eine \u00dcbernachtung ohne Fr\u00fchst\u00fcck buchen? Nat\u00fcrlich k\u00f6nnen Sie das. Allerdings entgeht Ihnen\u00a0dann ein reichhaltiges Fr\u00fchst\u00fccksbuffet in unserem historischen Backhaus. Bei \u00dcbernachtung ohne Fr\u00fchst\u00fcck reduziert sich der Zimmerpreis um 7,50 \u20ac pro Person und \u00dcbernachtung. Kann ich auch bei Ihnen fr\u00fchst\u00fccken ohne zu \u00fcbernachten? Das ist leider nicht\u2026","rel":"","context":"\u00c4hnlicher Beitrag","block_context":{"text":"\u00c4hnlicher Beitrag","link":""},"img":{"alt_text":"","src":"","width":0,"height":0},"classes":[]},{"id":13,"url":"https:\/\/pension-eulenhof.vasters.de\/?page_id=13","url_meta":{"origin":289,"position":3},"title":"Der Eulenhof","author":"bvasters","date":"Mai 26, 2016","format":false,"excerpt":"Die Pension Eulenhof ist Teil eines Fachwerkensembles aus dem 18. Jahrhundert. Das Fachwerkanwesen befindet sich im Eulenbruch, einem Ortsteil der Stadt Rosbach. Zum Ort geh\u00f6rten annodazumal einige Bauernh\u00f6fe, ein Backhaus, eine R\u00e4ucherstube und ein W\u00e4schehaus. Die alte H\u00f6fe sind bis heute erhalten und die fr\u00fcher gemeinschaftlich genutzten Geb\u00e4ude wurden in\u2026","rel":"","context":"\u00c4hnlicher Beitrag","block_context":{"text":"\u00c4hnlicher Beitrag","link":""},"img":{"alt_text":"","src":"","width":0,"height":0},"classes":[]},{"id":241,"url":"https:\/\/pension-eulenhof.vasters.de\/?page_id=241","url_meta":{"origin":289,"position":4},"title":"Sehenswertes","author":"bvasters","date":"Juni 18, 2016","format":false,"excerpt":"Das Heimatmuseum in Alt Windeck macht die vergangene Geschichte wieder lebendig. Im Schatten der Burgruine liegen liebevoll gepflegte Bauerng\u00e4rten und alte Fachwerkh\u00e4user. Altagsgegenst\u00e4nde und Handwerksger\u00e4te sind ausgestellt und werden zum traditionellen Burgmarkt in betrieb genommen. Die Grube Silberhardt und der Bergbauwanderweg laden einen dazu ein das harte Arbeitsleben unter Tage\u2026","rel":"","context":"\u00c4hnlicher Beitrag","block_context":{"text":"\u00c4hnlicher Beitrag","link":""},"img":{"alt_text":"","src":"https:\/\/i0.wp.com\/www.pension-eulenhof.de\/kultur.jpg?resize=350%2C200","width":350,"height":200},"classes":[]},{"id":529,"url":"https:\/\/pension-eulenhof.vasters.de\/?page_id=529","url_meta":{"origin":289,"position":5},"title":"Arrangements","author":"bvasters","date":"April 9, 2017","format":false,"excerpt":"\"Romantische Auszeit\" mit Candlelight-Dinner \u00a0 G\u00f6nnen Sie sich eine kurze Auszeit zu zweit in einem besonderen Ambiente! Das Naherholungsgebiet Windecker-L\u00e4ndchen bietet viele M\u00f6glichkeiten f\u00fcr Ausfl\u00fcge und die Stadt K\u00f6ln ist mit dem Auto oder mit der Bahn von den Bahnh\u00f6fen in Rosbach und Schladern bequem erreichbar. Die Sieg, die 100m\u2026","rel":"","context":"\u00c4hnlicher Beitrag","block_context":{"text":"\u00c4hnlicher Beitrag","link":""},"img":{"alt_text":"","src":"","width":0,"height":0},"classes":[]}],"_links":{"self":[{"href":"https:\/\/pension-eulenhof.vasters.de\/index.php?rest_route=\/wp\/v2\/pages\/289"}],"collection":[{"href":"https:\/\/pension-eulenhof.vasters.de\/index.php?rest_route=\/wp\/v2\/pages"}],"about":[{"href":"https:\/\/pension-eulenhof.vasters.de\/index.php?rest_route=\/wp\/v2\/types\/page"}],"author":[{"embeddable":true,"href":"https:\/\/pension-eulenhof.vasters.de\/index.php?rest_route=\/wp\/v2\/users\/1"}],"replies":[{"embeddable":true,"href":"https:\/\/pension-eulenhof.vasters.de\/index.php?rest_route=%2Fwp%2Fv2%2Fcomments&post=289"}],"version-history":[{"count":18,"href":"https:\/\/pension-eulenhof.vasters.de\/index.php?rest_route=\/wp\/v2\/pages\/289\/revisions"}],"predecessor-version":[{"id":605,"href":"https:\/\/pension-eulenhof.vasters.de\/index.php?rest_route=\/wp\/v2\/pages\/289\/revisions\/605"}],"wp:attachment":[{"href":"https:\/\/pension-eulenhof.vasters.de\/index.php?rest_route=%2Fwp%2Fv2%2Fmedia&parent=289"}],"curies":[{"name":"wp","href":"https:\/\/api.w.org\/{rel}","templated":true}]}}