{"id":13,"date":"2016-05-26T10:27:31","date_gmt":"2016-05-26T10:27:31","guid":{"rendered":"http:\/\/pension-eulenhof.vasters.de\/?page_id=13"},"modified":"2023-09-23T07:54:42","modified_gmt":"2023-09-23T07:54:42","slug":"der-eulenhof","status":"publish","type":"page","link":"https:\/\/pension-eulenhof.vasters.de\/?page_id=13","title":{"rendered":"Der Eulenhof"},"content":{"rendered":"<p>Die Pension Eulenhof ist Teil eines Fachwerkensembles aus dem 18. Jahrhundert.<\/p>\n<p>Das Fachwerkanwesen befindet sich im Eulenbruch, einem Ortsteil der Stadt Rosbach.<\/p>\n<p>Zum Ort geh\u00f6rten annodazumal einige Bauernh\u00f6fe, ein Backhaus, eine R\u00e4ucherstube und ein W\u00e4schehaus.<\/p>\n<p>Die alte H\u00f6fe sind bis heute erhalten und die fr\u00fcher gemeinschaftlich genutzten Geb\u00e4ude wurden in die einzelnen H\u00f6fe eingegliedert.<\/p>\n<p>Auf dem Grundst\u00fcck des Eulenhofs befindet sich das historisches Backhaus des Eulenbruchs mit intaktem Steinbackofen.<\/p>\n<p>Das Naherholungsgebiet Windecker-L\u00e4ndchen bietet viele M\u00f6glichkeiten f\u00fcr Ausfl\u00fcge und die Stadt K\u00f6ln ist mit dem Auto oder mit der Bahn von den Bahnh\u00f6fen in Rosbach und Schladern bequem erreichbar. Die Sieg, die 100m hinter dem Eulenhof verl\u00e4uft, ist ein beliebtes Ausflugsziel f\u00fcr Angler und Kanuten.<\/p>\n","protected":false},"excerpt":{"rendered":"<p>Die Pension Eulenhof ist Teil eines Fachwerkensembles aus dem 18. Jahrhundert. Das Fachwerkanwesen befindet sich im Eulenbruch, einem Ortsteil der Stadt Rosbach. Zum Ort geh\u00f6rten annodazumal einige Bauernh\u00f6fe, ein Backhaus, eine R\u00e4ucherstube und ein W\u00e4schehaus. Die alte H\u00f6fe sind bis heute erhalten und die fr\u00fcher gemeinschaftlich genutzten Geb\u00e4ude wurden in\u2026<\/p>\n<p class=\"continue-reading-button\"> <a class=\"continue-reading-link\" href=\"https:\/\/pension-eulenhof.vasters.de\/?page_id=13\">Continue reading<i class=\"crycon-right-dir\"><\/i><\/a><\/p>\n","protected":false},"author":1,"featured_media":0,"parent":0,"menu_order":0,"comment_status":"closed","ping_status":"closed","template":"","meta":{"jetpack_post_was_ever_published":false,"footnotes":""},"jetpack_sharing_enabled":true,"jetpack_shortlink":"https:\/\/wp.me\/P7BQST-d","jetpack-related-posts":[{"id":529,"url":"https:\/\/pension-eulenhof.vasters.de\/?page_id=529","url_meta":{"origin":13,"position":0},"title":"Arrangements","author":"bvasters","date":"April 9, 2017","format":false,"excerpt":"\"Romantische Auszeit\" mit Candlelight-Dinner \u00a0 G\u00f6nnen Sie sich eine kurze Auszeit zu zweit in einem besonderen Ambiente! Das Naherholungsgebiet Windecker-L\u00e4ndchen bietet viele M\u00f6glichkeiten f\u00fcr Ausfl\u00fcge und die Stadt K\u00f6ln ist mit dem Auto oder mit der Bahn von den Bahnh\u00f6fen in Rosbach und Schladern bequem erreichbar. Die Sieg, die 100m\u2026","rel":"","context":"\u00c4hnlicher Beitrag","block_context":{"text":"\u00c4hnlicher Beitrag","link":""},"img":{"alt_text":"","src":"","width":0,"height":0},"classes":[]},{"id":421,"url":"https:\/\/pension-eulenhof.vasters.de\/?page_id=421","url_meta":{"origin":13,"position":1},"title":"H\u00e4ufige Fragen","author":"bvasters","date":"August 23, 2016","format":false,"excerpt":"Kann ich auch eine \u00dcbernachtung ohne Fr\u00fchst\u00fcck buchen? Nat\u00fcrlich k\u00f6nnen Sie das. Allerdings entgeht Ihnen\u00a0dann ein reichhaltiges Fr\u00fchst\u00fccksbuffet in unserem historischen Backhaus. Bei \u00dcbernachtung ohne Fr\u00fchst\u00fcck reduziert sich der Zimmerpreis um 7,50 \u20ac pro Person und \u00dcbernachtung. Kann ich auch bei Ihnen fr\u00fchst\u00fccken ohne zu \u00fcbernachten? Das ist leider nicht\u2026","rel":"","context":"\u00c4hnlicher Beitrag","block_context":{"text":"\u00c4hnlicher Beitrag","link":""},"img":{"alt_text":"","src":"","width":0,"height":0},"classes":[]},{"id":249,"url":"https:\/\/pension-eulenhof.vasters.de\/?page_id=249","url_meta":{"origin":13,"position":2},"title":"Freizeitaktivit\u00e4ten","author":"bvasters","date":"Juni 18, 2016","format":false,"excerpt":"Windeck und Umgebung bieten sich f\u00fcr sportliche Aktivit\u00e4ten an: Angelsportfreunde finden hier viele M\u00f6glichkeiten und auch f\u00fcr Kanufahrer ist die Sieg ein tolles Revier. Angelscheine erhalten Sie beim Rolandseck in Windeck-Rosbach Telefon 02292-5360. Hoch hinauf geht es f\u00fcr alle Kletterer beim Hochseilgarten in Windeck-Rosbach. \u00a0 Wasserratten kommen in Windeck auf\u2026","rel":"","context":"\u00c4hnlicher Beitrag","block_context":{"text":"\u00c4hnlicher Beitrag","link":""},"img":{"alt_text":"","src":"https:\/\/i0.wp.com\/pension-eulenhof.de\/sport1.jpg?resize=350%2C200","width":350,"height":200},"classes":[]},{"id":259,"url":"https:\/\/pension-eulenhof.vasters.de\/?page_id=259","url_meta":{"origin":13,"position":3},"title":"Anfahrt","author":"bvasters","date":"Juni 18, 2016","format":false,"excerpt":"Adresse f\u00fcr Navigationsger\u00e4te: Im Eulenbruch 12 51570 Windeck 100m zur Sieg, 1000m zum Natursteig Sieg. Fussl\u00e4ufig von Pension Eulenhof zum Bahnhof Rosbach, Freibad Rosbach oder Klettergarten: 1,7 km Einkaufsm\u00f6glichkeiten, Banken, Apotheke, \u00c4rzte und Restaurants fussl\u00e4ufig in ca. 1,7 km erreichbar (Fuss- und Radweg). Mit dem Auto zum Naturerlebnispark Panarbora in\u2026","rel":"","context":"\u00c4hnlicher Beitrag","block_context":{"text":"\u00c4hnlicher Beitrag","link":""},"img":{"alt_text":"","src":"https:\/\/i0.wp.com\/pension-eulenhof.vasters.de\/wp-content\/uploads\/2018\/12\/karte-1024x443.jpg?resize=350%2C200","width":350,"height":200,"srcset":"https:\/\/i0.wp.com\/pension-eulenhof.vasters.de\/wp-content\/uploads\/2018\/12\/karte-1024x443.jpg?resize=350%2C200 1x, https:\/\/i0.wp.com\/pension-eulenhof.vasters.de\/wp-content\/uploads\/2018\/12\/karte-1024x443.jpg?resize=525%2C300 1.5x, https:\/\/i0.wp.com\/pension-eulenhof.vasters.de\/wp-content\/uploads\/2018\/12\/karte-1024x443.jpg?resize=700%2C400 2x"},"classes":[]},{"id":289,"url":"https:\/\/pension-eulenhof.vasters.de\/?page_id=289","url_meta":{"origin":13,"position":4},"title":"Impressum","author":"bvasters","date":"Juni 19, 2016","format":false,"excerpt":"Pension Eulenhof Magdalena Vasters Im Eulenbruch 12 51570 Windeck-Rosbach Steuernummer: 220\/5475\/2111 Umsatzsteuer-Identifikationsnummer (USt-IdNr.): DE307905274 Haftungsausschluss Inhalt des Onlineangebotes Der Autor \u00fcbernimmt keinerlei Gew\u00e4hr f\u00fcr die Aktualit\u00e4t, Korrektheit, Vollst\u00e4ndigkeit oder Qualit\u00e4t der bereitgestellten Informationen. Haftungsanspr\u00fcche gegen den Autor, welche sich auf Sch\u00e4den materieller oder ideeller Art beziehen, die durch die Nutzung\u2026","rel":"","context":"\u00c4hnlicher Beitrag","block_context":{"text":"\u00c4hnlicher Beitrag","link":""},"img":{"alt_text":"","src":"","width":0,"height":0},"classes":[]},{"id":329,"url":"https:\/\/pension-eulenhof.vasters.de\/?page_id=329","url_meta":{"origin":13,"position":5},"title":"PREISE","author":"bvasters","date":"Juni 19, 2016","format":false,"excerpt":"PREISE AB 01.01.2025 Einzelzimmer mit Fr\u00fchst\u00fcck \u00a0 \u00a0 \u00a0 \u00a052.- \u20ac (Zimmerpreis f\u00fcr eine \u00dcbernachtung) Doppelzimmer mit Fr\u00fchst\u00fcck \u00a0 \u00a0 \u00a082.- \u20ac (Zimmerpreis f\u00fcr eine \u00dcbernachtung) Studio mit kleiner K\u00fcche \u00a0 \u00a0 \u00a0 \u00a0 \u00a0 \u00a0 \u00a099.- \u20ac (Preis f\u00fcr eine \u00dcbernachtung) Alle Zimmer mit Bad\/WC\/TV, Einzel- oder Doppelbetten, Bettw\u00e4sche,\u2026","rel":"","context":"\u00c4hnlicher Beitrag","block_context":{"text":"\u00c4hnlicher Beitrag","link":""},"img":{"alt_text":"","src":"","width":0,"height":0},"classes":[]}],"_links":{"self":[{"href":"https:\/\/pension-eulenhof.vasters.de\/index.php?rest_route=\/wp\/v2\/pages\/13"}],"collection":[{"href":"https:\/\/pension-eulenhof.vasters.de\/index.php?rest_route=\/wp\/v2\/pages"}],"about":[{"href":"https:\/\/pension-eulenhof.vasters.de\/index.php?rest_route=\/wp\/v2\/types\/page"}],"author":[{"embeddable":true,"href":"https:\/\/pension-eulenhof.vasters.de\/index.php?rest_route=\/wp\/v2\/users\/1"}],"replies":[{"embeddable":true,"href":"https:\/\/pension-eulenhof.vasters.de\/index.php?rest_route=%2Fwp%2Fv2%2Fcomments&post=13"}],"version-history":[{"count":41,"href":"https:\/\/pension-eulenhof.vasters.de\/index.php?rest_route=\/wp\/v2\/pages\/13\/revisions"}],"predecessor-version":[{"id":764,"href":"https:\/\/pension-eulenhof.vasters.de\/index.php?rest_route=\/wp\/v2\/pages\/13\/revisions\/764"}],"wp:attachment":[{"href":"https:\/\/pension-eulenhof.vasters.de\/index.php?rest_route=%2Fwp%2Fv2%2Fmedia&parent=13"}],"curies":[{"name":"wp","href":"https:\/\/api.w.org\/{rel}","templated":true}]}}